{"id":264,"date":"2025-04-09T01:44:52","date_gmt":"2025-04-09T01:44:52","guid":{"rendered":"https:\/\/condominioterrazas.cl\/home\/?page_id=264"},"modified":"2025-04-21T23:51:47","modified_gmt":"2025-04-21T23:51:47","slug":"administracion","status":"publish","type":"page","link":"https:\/\/tierraslindas.cl\/home3\/index.php\/administracion\/","title":{"rendered":"Administraci\u00f3n"},"content":{"rendered":"<p>La empresa <strong>Administraci\u00f3n Urbana<\/strong>, lleva 10 a\u00f1os administrando condominios en el sector de Chicureo. El medio de comunicaci\u00f3n oficial es el correo electr\u00f3nico <strong>administracion@tierraslindas.cl<\/strong>\u00a0 &#8211; Este correo permite llevar la trazabilidad de los levantamientos y reclamos realizados por los residentes.<\/p>\n<p><strong>Los comprobantes de pagos tambi\u00e9n deben ser enviados a ese correo.<\/strong><\/p>\n<p><strong>Los datos de la cuenta corriente del condominio siguen siendo los mismos. No se han generado cambios en las cuentas bancarias.<\/strong><\/p>\n<ul style=\"text-align: center;\">\n<li style=\"text-align: left;\"><strong>Correo de administraci\u00f3n:<\/strong> administracion@tierraslindas.cl<\/li>\n<li style=\"text-align: left;\"><strong>SLA m\u00e1ximo de respuesta en correo anterior:<\/strong> 72 horas.<\/li>\n<li style=\"text-align: left;\">Administrador del condominio:<\/li>\n<\/ul>\n<p>&nbsp;<\/p>\n<p><img loading=\"lazy\" decoding=\"async\" class=\" wp-image-349 aligncenter\" src=\"https:\/\/tierraslindas.cl\/home3\/wp-content\/uploads\/2025\/04\/WhatsApp-Image-2025-04-21-at-15.05.21-e1745279404549-262x300.jpeg\" alt=\"\" width=\"214\" height=\"245\" srcset=\"https:\/\/tierraslindas.cl\/home3\/wp-content\/uploads\/2025\/04\/WhatsApp-Image-2025-04-21-at-15.05.21-e1745279404549-262x300.jpeg 262w, https:\/\/tierraslindas.cl\/home3\/wp-content\/uploads\/2025\/04\/WhatsApp-Image-2025-04-21-at-15.05.21-e1745279404549.jpeg 572w\" sizes=\"auto, (max-width: 214px) 100vw, 214px\" \/><\/p>\n<p style=\"text-align: center;\"><em><strong>Luz Gonz\u00e1lez<\/strong><\/em><b><i>\u00a0<\/i><\/b><\/p>\n<p style=\"text-align: center;\">Correo: lgonzalez@aurbana.cl<\/p>\n<p style=\"text-align: center;\"><strong>Administrador<\/strong><\/p>\n","protected":false},"excerpt":{"rendered":"<p>La empresa Administraci\u00f3n Urbana, lleva 10 a\u00f1os administrando condominios en el sector de Chicureo. El&#8230;<\/p>\n","protected":false},"author":1,"featured_media":324,"parent":0,"menu_order":0,"comment_status":"closed","ping_status":"closed","template":"","meta":{"footnotes":""},"class_list":["post-264","page","type-page","status-publish","has-post-thumbnail","hentry"],"_links":{"self":[{"href":"https:\/\/tierraslindas.cl\/home3\/index.php\/wp-json\/wp\/v2\/pages\/264","targetHints":{"allow":["GET"]}}],"collection":[{"href":"https:\/\/tierraslindas.cl\/home3\/index.php\/wp-json\/wp\/v2\/pages"}],"about":[{"href":"https:\/\/tierraslindas.cl\/home3\/index.php\/wp-json\/wp\/v2\/types\/page"}],"author":[{"embeddable":true,"href":"https:\/\/tierraslindas.cl\/home3\/index.php\/wp-json\/wp\/v2\/users\/1"}],"replies":[{"embeddable":true,"href":"https:\/\/tierraslindas.cl\/home3\/index.php\/wp-json\/wp\/v2\/comments?post=264"}],"version-history":[{"count":4,"href":"https:\/\/tierraslindas.cl\/home3\/index.php\/wp-json\/wp\/v2\/pages\/264\/revisions"}],"predecessor-version":[{"id":351,"href":"https:\/\/tierraslindas.cl\/home3\/index.php\/wp-json\/wp\/v2\/pages\/264\/revisions\/351"}],"wp:featuredmedia":[{"embeddable":true,"href":"https:\/\/tierraslindas.cl\/home3\/index.php\/wp-json\/wp\/v2\/media\/324"}],"wp:attachment":[{"href":"https:\/\/tierraslindas.cl\/home3\/index.php\/wp-json\/wp\/v2\/media?parent=264"}],"curies":[{"name":"wp","href":"https:\/\/api.w.org\/{rel}","templated":true}]}}